{"id":21,"date":"2015-09-23T08:48:59","date_gmt":"2015-09-23T08:48:59","guid":{"rendered":"?page_id=21"},"modified":"2017-02-22T14:47:46","modified_gmt":"2017-02-22T14:47:46","slug":"terrassement","status":"publish","type":"page","link":"http:\/\/www.terrassement-enrobe-27-ngtp.com\/?page_id=21","title":{"rendered":"Terrassement"},"content":{"rendered":"<p>&nbsp;<\/p>\n<p><span style=\"color: #000000;\"><span style=\"font-family: Arial, sans-serif;\"><span style=\"font-size: medium;\">Notre parc de mat\u00e9riel nous permet de r\u00e9aliser <b>toutes sortes de travaux de\u00a0terrassement<\/b>.<\/span><\/span><\/span><\/p>\n<p><span style=\"color: #000000;\"><span style=\"font-family: Arial, sans-serif;\"><span style=\"font-size: medium;\">Nous \u00e9tudions vos demandes et mettons \u00e0 votre disposition le mat\u00e9riel ad\u00e9quat afin de vous satisfaire.<\/span><\/span><\/span><\/p>\n<hr \/>\n<p style=\"text-align: center;\"><span style=\"color: #008000;\"><strong><span style=\"font-family: Arial, sans-serif;\"><span style=\"font-size: medium;\"><u>Nos domaines d\u2019intervention<\/u> :<\/span><\/span><\/strong><\/span><\/p>\n<ul>\n<li><span style=\"color: #000000;\"><span style=\"font-family: Arial, sans-serif;\"><span style=\"font-size: medium;\">Chemins d\u2019acc\u00e8s ;<\/span><\/span><\/span><\/li>\n<li><span style=\"color: #000000;\"><span style=\"font-family: Arial, sans-serif;\"><span style=\"font-size: medium;\">Terrassement des fouilles, sous-sol,\u2026<\/span><\/span><\/span><\/li>\n<li><span style=\"color: #000000;\"><span style=\"font-family: Arial, sans-serif;\"><span style=\"font-size: medium;\">Assainissement individuel ou collectif <\/span><\/span><\/span>;<\/li>\n<li><span style=\"color: #000000;\"><span style=\"font-family: Arial, sans-serif;\"><span style=\"font-size: medium;\">Tranch\u00e9es techniques ;<\/span><\/span><\/span><\/li>\n<li><span style=\"color: #000000;\"><span style=\"font-family: Arial, sans-serif;\"><span style=\"font-size: medium;\">R\u00e9alisation de plateformes ;<\/span><\/span><\/span><\/li>\n<li><span style=\"color: #000000;\"><span style=\"font-family: Arial, sans-serif;\"><span style=\"font-size: medium;\">Bassins de r\u00e9tention d\u2019eau ;<\/span><\/span><\/span><\/li>\n<li><span style=\"color: #000000;\"><span style=\"font-family: Arial, sans-serif;\"><span style=\"font-size: medium;\">Pose de bordures b\u00e9ton ou\u00a0pav\u00e9s selon un large choix possible\u00a0\u00a0;<\/span><\/span><\/span><\/li>\n<li><span style=\"color: #000000;\"><span style=\"font-family: Arial, sans-serif;\"><span style=\"font-size: medium;\">Am\u00e9nagements ext\u00e9rieurs : parking, pelouse,\u00a0pose d\u2019enrob\u00e9 \u00e0 chaud (noir ou rouge),\u00a0dallage b\u00e9ton, terrasse, piscine\u2026<\/span><\/span><\/span><\/li>\n<li><span style=\"color: #000000;\"><span style=\"font-family: Arial, sans-serif;\"><span style=\"font-size: medium;\">Pose de cuve \u00e0 r\u00e9cup\u00e9ration d&rsquo;eau de pluie<\/span><\/span><\/span> ;<\/li>\n<li><span style=\"color: #000000;\"><span style=\"font-family: Arial, sans-serif;\"><span style=\"font-size: medium;\">Nivelage de terrain avec apport\u00a0de terre v\u00e9g\u00e9tale<\/span><\/span><\/span> ;<\/li>\n<li><span style=\"color: #000000;\"><span style=\"font-family: Arial, sans-serif;\"><span style=\"font-size: medium;\">D\u00e9molition\u00a0;<\/span><\/span><\/span><\/li>\n<\/ul>\n<hr \/>\n<p style=\"text-align: center;\"><span style=\"color: #008000;\"><strong><span style=\"text-decoration: underline;\"><span style=\"font-family: Arial, sans-serif;\"><span style=\"font-size: medium;\">Quelques photos de nos diff\u00e9rentes r\u00e9alisations<\/span><\/span><\/span><span style=\"font-family: Arial, sans-serif;\"><span style=\"font-size: medium;\"> :<\/span><\/span><\/strong><\/span><\/p>\n<div id=\"attachment_158\" style=\"width: 650px\" class=\"wp-caption aligncenter\"><a href=\"http:\/\/www.terrassement-enrobe-27-ngtp.com\/wp-content\/uploads\/2015\/08\/bordures.jpg\"><img aria-describedby=\"caption-attachment-158\" decoding=\"async\" loading=\"lazy\" class=\"wp-image-158 size-large\" src=\"http:\/\/www.terrassement-enrobe-27-ngtp.com\/wp-content\/uploads\/2015\/08\/bordures-1024x777.jpg\" alt=\"bordures\" width=\"640\" height=\"486\" srcset=\"https:\/\/www.terrassement-enrobe-27-ngtp.com\/wp-content\/uploads\/2015\/08\/bordures-1024x777.jpg 1024w, https:\/\/www.terrassement-enrobe-27-ngtp.com\/wp-content\/uploads\/2015\/08\/bordures-300x228.jpg 300w, https:\/\/www.terrassement-enrobe-27-ngtp.com\/wp-content\/uploads\/2015\/08\/bordures.jpg 1792w\" sizes=\"(max-width: 640px) 100vw, 640px\" \/><\/a><p id=\"caption-attachment-158\" class=\"wp-caption-text\">pose de bordures b\u00e9ton<\/p><\/div>\n<div id=\"attachment_156\" style=\"width: 650px\" class=\"wp-caption aligncenter\"><a href=\"http:\/\/www.terrassement-enrobe-27-ngtp.com\/wp-content\/uploads\/2015\/08\/terrassement-2.jpg\"><img aria-describedby=\"caption-attachment-156\" decoding=\"async\" loading=\"lazy\" class=\"wp-image-156 size-large\" src=\"http:\/\/www.terrassement-enrobe-27-ngtp.com\/wp-content\/uploads\/2015\/08\/terrassement-2-1024x768.jpg\" alt=\"terrassement 2\" width=\"640\" height=\"480\" srcset=\"https:\/\/www.terrassement-enrobe-27-ngtp.com\/wp-content\/uploads\/2015\/08\/terrassement-2-1024x768.jpg 1024w, https:\/\/www.terrassement-enrobe-27-ngtp.com\/wp-content\/uploads\/2015\/08\/terrassement-2-300x225.jpg 300w\" sizes=\"(max-width: 640px) 100vw, 640px\" \/><\/a><p id=\"caption-attachment-156\" class=\"wp-caption-text\">R\u00e9alisation d&rsquo;une plateforme<\/p><\/div>\n<div id=\"attachment_155\" style=\"width: 650px\" class=\"wp-caption aligncenter\"><a href=\"http:\/\/www.terrassement-enrobe-27-ngtp.com\/wp-content\/uploads\/2015\/08\/terrassement.jpg\"><img aria-describedby=\"caption-attachment-155\" decoding=\"async\" loading=\"lazy\" class=\"wp-image-155 size-large\" src=\"http:\/\/www.terrassement-enrobe-27-ngtp.com\/wp-content\/uploads\/2015\/08\/terrassement-1024x777.jpg\" alt=\"terrassement\" width=\"640\" height=\"486\" srcset=\"https:\/\/www.terrassement-enrobe-27-ngtp.com\/wp-content\/uploads\/2015\/08\/terrassement-1024x777.jpg 1024w, https:\/\/www.terrassement-enrobe-27-ngtp.com\/wp-content\/uploads\/2015\/08\/terrassement-300x228.jpg 300w, https:\/\/www.terrassement-enrobe-27-ngtp.com\/wp-content\/uploads\/2015\/08\/terrassement.jpg 1792w\" sizes=\"(max-width: 640px) 100vw, 640px\" \/><\/a><p id=\"caption-attachment-155\" class=\"wp-caption-text\">Nivelage terrain<\/p><\/div>\n<div id=\"attachment_142\" style=\"width: 650px\" class=\"wp-caption aligncenter\"><a href=\"http:\/\/www.terrassement-enrobe-27-ngtp.com\/wp-content\/uploads\/2015\/08\/parking-pharmacie.jpg\"><img aria-describedby=\"caption-attachment-142\" decoding=\"async\" loading=\"lazy\" class=\"wp-image-142 size-large\" src=\"http:\/\/www.terrassement-enrobe-27-ngtp.com\/wp-content\/uploads\/2015\/08\/parking-pharmacie-1024x685.jpg\" alt=\"parking pharmacie\" width=\"640\" height=\"428\" srcset=\"https:\/\/www.terrassement-enrobe-27-ngtp.com\/wp-content\/uploads\/2015\/08\/parking-pharmacie-1024x685.jpg 1024w, https:\/\/www.terrassement-enrobe-27-ngtp.com\/wp-content\/uploads\/2015\/08\/parking-pharmacie-300x201.jpg 300w\" sizes=\"(max-width: 640px) 100vw, 640px\" \/><\/a><p id=\"caption-attachment-142\" class=\"wp-caption-text\">R\u00e9alisation d&rsquo;un parking<\/p><\/div>\n<div id=\"attachment_25\" style=\"width: 650px\" class=\"wp-caption aligncenter\"><a href=\"http:\/\/www.terrassement-enrobe-27-ngtp.com\/wp-content\/uploads\/2011\/01\/Photo-009.jpg\"><img aria-describedby=\"caption-attachment-25\" decoding=\"async\" loading=\"lazy\" class=\"size-large wp-image-25\" src=\"http:\/\/www.terrassement-enrobe-27-ngtp.com\/wp-content\/uploads\/2011\/01\/Photo-009-1024x768.jpg\" alt=\"Terrassement d'un sous-sol\" width=\"640\" height=\"480\" srcset=\"https:\/\/www.terrassement-enrobe-27-ngtp.com\/wp-content\/uploads\/2011\/01\/Photo-009-1024x768.jpg 1024w, https:\/\/www.terrassement-enrobe-27-ngtp.com\/wp-content\/uploads\/2011\/01\/Photo-009-300x225.jpg 300w\" sizes=\"(max-width: 640px) 100vw, 640px\" \/><\/a><p id=\"caption-attachment-25\" class=\"wp-caption-text\">Terrassement d&rsquo;un sous-sol<\/p><\/div>\n<div id=\"attachment_203\" style=\"width: 650px\" class=\"wp-caption aligncenter\"><a href=\"http:\/\/www.terrassement-enrobe-27-ngtp.com\/wp-content\/uploads\/2015\/08\/trottoir.jpg\"><img aria-describedby=\"caption-attachment-203\" decoding=\"async\" loading=\"lazy\" class=\"wp-image-203 size-large\" src=\"http:\/\/www.terrassement-enrobe-27-ngtp.com\/wp-content\/uploads\/2015\/08\/trottoir-1024x777.jpg\" alt=\"trottoir\" width=\"640\" height=\"486\" srcset=\"https:\/\/www.terrassement-enrobe-27-ngtp.com\/wp-content\/uploads\/2015\/08\/trottoir-1024x777.jpg 1024w, https:\/\/www.terrassement-enrobe-27-ngtp.com\/wp-content\/uploads\/2015\/08\/trottoir-300x228.jpg 300w, https:\/\/www.terrassement-enrobe-27-ngtp.com\/wp-content\/uploads\/2015\/08\/trottoir.jpg 1792w\" sizes=\"(max-width: 640px) 100vw, 640px\" \/><\/a><p id=\"caption-attachment-203\" class=\"wp-caption-text\">Cr\u00e9ation d&rsquo;un trottoir en bordures b\u00e9ton<\/p><\/div>\n<div id=\"attachment_204\" style=\"width: 650px\" class=\"wp-caption aligncenter\"><a href=\"http:\/\/www.terrassement-enrobe-27-ngtp.com\/wp-content\/uploads\/2015\/08\/pav\u00e9s-2.png\"><img aria-describedby=\"caption-attachment-204\" decoding=\"async\" loading=\"lazy\" class=\"wp-image-204 size-large\" src=\"http:\/\/www.terrassement-enrobe-27-ngtp.com\/wp-content\/uploads\/2015\/08\/pav\u00e9s-2-1024x731.png\" alt=\"pav\u00e9s 2\" width=\"640\" height=\"457\" srcset=\"https:\/\/www.terrassement-enrobe-27-ngtp.com\/wp-content\/uploads\/2015\/08\/pav\u00e9s-2-1024x731.png 1024w, https:\/\/www.terrassement-enrobe-27-ngtp.com\/wp-content\/uploads\/2015\/08\/pav\u00e9s-2-300x214.png 300w, https:\/\/www.terrassement-enrobe-27-ngtp.com\/wp-content\/uploads\/2015\/08\/pav\u00e9s-2.png 1209w\" sizes=\"(max-width: 640px) 100vw, 640px\" \/><\/a><p id=\"caption-attachment-204\" class=\"wp-caption-text\">Entr\u00e9e en petits pav\u00e9s<\/p><\/div>\n<div id=\"attachment_392\" style=\"width: 871px\" class=\"wp-caption aligncenter\"><a href=\"http:\/\/www.terrassement-enrobe-27-ngtp.com\/wp-content\/uploads\/2015\/09\/Capture6.png\"><img aria-describedby=\"caption-attachment-392\" decoding=\"async\" loading=\"lazy\" class=\"wp-image-392 size-full\" src=\"http:\/\/www.terrassement-enrobe-27-ngtp.com\/wp-content\/uploads\/2015\/09\/Capture6.png\" alt=\"Capture6\" width=\"861\" height=\"530\" srcset=\"https:\/\/www.terrassement-enrobe-27-ngtp.com\/wp-content\/uploads\/2015\/09\/Capture6.png 861w, https:\/\/www.terrassement-enrobe-27-ngtp.com\/wp-content\/uploads\/2015\/09\/Capture6-300x185.png 300w, https:\/\/www.terrassement-enrobe-27-ngtp.com\/wp-content\/uploads\/2015\/09\/Capture6-768x473.png 768w, https:\/\/www.terrassement-enrobe-27-ngtp.com\/wp-content\/uploads\/2015\/09\/Capture6-500x308.png 500w\" sizes=\"(max-width: 861px) 100vw, 861px\" \/><\/a><p id=\"caption-attachment-392\" class=\"wp-caption-text\">Terrasse en pierres bleue<\/p><\/div>\n<p><a href=\"http:\/\/www.terrassement-enrobe-27-ngtp.com\/wp-content\/uploads\/2015\/09\/Capture60.png\"><img decoding=\"async\" loading=\"lazy\" class=\"aligncenter size-large wp-image-395\" src=\"http:\/\/www.terrassement-enrobe-27-ngtp.com\/wp-content\/uploads\/2015\/09\/Capture60-1024x667.png\" alt=\"Capture60\" width=\"640\" height=\"417\" srcset=\"https:\/\/www.terrassement-enrobe-27-ngtp.com\/wp-content\/uploads\/2015\/09\/Capture60-1024x667.png 1024w, https:\/\/www.terrassement-enrobe-27-ngtp.com\/wp-content\/uploads\/2015\/09\/Capture60-300x195.png 300w, https:\/\/www.terrassement-enrobe-27-ngtp.com\/wp-content\/uploads\/2015\/09\/Capture60-768x500.png 768w, https:\/\/www.terrassement-enrobe-27-ngtp.com\/wp-content\/uploads\/2015\/09\/Capture60-500x326.png 500w, https:\/\/www.terrassement-enrobe-27-ngtp.com\/wp-content\/uploads\/2015\/09\/Capture60.png 1190w\" sizes=\"(max-width: 640px) 100vw, 640px\" \/><\/a><\/p>\n<div id=\"attachment_202\" style=\"width: 650px\" class=\"wp-caption aligncenter\"><a href=\"http:\/\/www.terrassement-enrobe-27-ngtp.com\/wp-content\/uploads\/2015\/08\/bassin.jpg\"><img aria-describedby=\"caption-attachment-202\" decoding=\"async\" loading=\"lazy\" class=\"wp-image-202 size-large\" src=\"http:\/\/www.terrassement-enrobe-27-ngtp.com\/wp-content\/uploads\/2015\/08\/bassin-1024x768.jpg\" alt=\"bassin\" width=\"640\" height=\"480\" srcset=\"https:\/\/www.terrassement-enrobe-27-ngtp.com\/wp-content\/uploads\/2015\/08\/bassin-1024x768.jpg 1024w, https:\/\/www.terrassement-enrobe-27-ngtp.com\/wp-content\/uploads\/2015\/08\/bassin-300x225.jpg 300w\" sizes=\"(max-width: 640px) 100vw, 640px\" \/><\/a><p id=\"caption-attachment-202\" class=\"wp-caption-text\">terrassement d&rsquo;un bassin<\/p><\/div>\n<div id=\"attachment_393\" style=\"width: 650px\" class=\"wp-caption aligncenter\"><a href=\"http:\/\/www.terrassement-enrobe-27-ngtp.com\/wp-content\/uploads\/2015\/09\/Capture1.png\"><img aria-describedby=\"caption-attachment-393\" decoding=\"async\" loading=\"lazy\" class=\"wp-image-393 size-large\" src=\"http:\/\/www.terrassement-enrobe-27-ngtp.com\/wp-content\/uploads\/2015\/09\/Capture1-1024x614.png\" alt=\"Capture1\" width=\"640\" height=\"384\" srcset=\"https:\/\/www.terrassement-enrobe-27-ngtp.com\/wp-content\/uploads\/2015\/09\/Capture1-1024x614.png 1024w, https:\/\/www.terrassement-enrobe-27-ngtp.com\/wp-content\/uploads\/2015\/09\/Capture1-300x180.png 300w, https:\/\/www.terrassement-enrobe-27-ngtp.com\/wp-content\/uploads\/2015\/09\/Capture1-768x460.png 768w, https:\/\/www.terrassement-enrobe-27-ngtp.com\/wp-content\/uploads\/2015\/09\/Capture1-500x300.png 500w, https:\/\/www.terrassement-enrobe-27-ngtp.com\/wp-content\/uploads\/2015\/09\/Capture1.png 1225w\" sizes=\"(max-width: 640px) 100vw, 640px\" \/><\/a><p id=\"caption-attachment-393\" class=\"wp-caption-text\">D\u00e9molition d&rsquo;un poste-tour<\/p><\/div>\n<div id=\"attachment_63\" style=\"width: 650px\" class=\"wp-caption aligncenter\"><a href=\"http:\/\/www.terrassement-enrobe-27-ngtp.com\/wp-content\/uploads\/2015\/08\/pelle-140.jpg\"><img aria-describedby=\"caption-attachment-63\" decoding=\"async\" loading=\"lazy\" class=\"wp-image-63 size-large\" src=\"http:\/\/www.terrassement-enrobe-27-ngtp.com\/wp-content\/uploads\/2015\/08\/pelle-140-1024x768.jpg\" alt=\"pelle 140\" width=\"640\" height=\"480\" srcset=\"https:\/\/www.terrassement-enrobe-27-ngtp.com\/wp-content\/uploads\/2015\/08\/pelle-140-1024x768.jpg 1024w, https:\/\/www.terrassement-enrobe-27-ngtp.com\/wp-content\/uploads\/2015\/08\/pelle-140-300x225.jpg 300w\" sizes=\"(max-width: 640px) 100vw, 640px\" \/><\/a><p id=\"caption-attachment-63\" class=\"wp-caption-text\">Arrachage de v\u00e9g\u00e9taux en terre<\/p><\/div>\n","protected":false},"excerpt":{"rendered":"<p>&nbsp; Notre parc de mat\u00e9riel nous permet de r\u00e9aliser toutes sortes de travaux de\u00a0terrassement. Nous \u00e9tudions vos demandes et mettons \u00e0 votre disposition le mat\u00e9riel ad\u00e9quat afin de vous satisfaire. Nos domaines d\u2019intervention : Chemins d\u2019acc\u00e8s ; Terrassement des fouilles, &hellip; <a href=\"http:\/\/www.terrassement-enrobe-27-ngtp.com\/?page_id=21\">Continue reading<\/a><\/p>\n","protected":false},"author":3,"featured_media":0,"parent":0,"menu_order":1,"comment_status":"closed","ping_status":"closed","template":"","meta":[],"_links":{"self":[{"href":"http:\/\/www.terrassement-enrobe-27-ngtp.com\/index.php?rest_route=\/wp\/v2\/pages\/21"}],"collection":[{"href":"http:\/\/www.terrassement-enrobe-27-ngtp.com\/index.php?rest_route=\/wp\/v2\/pages"}],"about":[{"href":"http:\/\/www.terrassement-enrobe-27-ngtp.com\/index.php?rest_route=\/wp\/v2\/types\/page"}],"author":[{"embeddable":true,"href":"http:\/\/www.terrassement-enrobe-27-ngtp.com\/index.php?rest_route=\/wp\/v2\/users\/3"}],"replies":[{"embeddable":true,"href":"http:\/\/www.terrassement-enrobe-27-ngtp.com\/index.php?rest_route=%2Fwp%2Fv2%2Fcomments&post=21"}],"version-history":[{"count":38,"href":"http:\/\/www.terrassement-enrobe-27-ngtp.com\/index.php?rest_route=\/wp\/v2\/pages\/21\/revisions"}],"predecessor-version":[{"id":407,"href":"http:\/\/www.terrassement-enrobe-27-ngtp.com\/index.php?rest_route=\/wp\/v2\/pages\/21\/revisions\/407"}],"wp:attachment":[{"href":"http:\/\/www.terrassement-enrobe-27-ngtp.com\/index.php?rest_route=%2Fwp%2Fv2%2Fmedia&parent=21"}],"curies":[{"name":"wp","href":"https:\/\/api.w.org\/{rel}","templated":true}]}}